{"id":2035,"date":"2024-03-24T17:51:02","date_gmt":"2024-03-24T16:51:02","guid":{"rendered":"https:\/\/boutiqueclub.es\/?post_type=product&#038;p=2035"},"modified":"2024-03-24T17:51:35","modified_gmt":"2024-03-24T16:51:35","slug":"camiseta-polo-bear-polo-ralph-lauren","status":"publish","type":"product","link":"https:\/\/boutiqueclub.es\/en\/product\/camiseta-polo-bear-polo-ralph-lauren\/","title":{"rendered":"Camiseta Polo Bear. Polo Ralph Lauren"},"content":{"rendered":"<p><span style=\"font-weight: 400;\">Camiseta Classic Fit con Polo Bear.<\/span><\/p>\n<p><strong>Tallas disponibles:|S|M|L|XL|XXL|<\/strong><\/p>","protected":false},"excerpt":{"rendered":"<p><span style=\"font-weight: 400;\">Esta camiseta de punto jersey de algod\u00f3n se ha anudado y te\u00f1ido a mano dos veces para conseguir diferentes niveles de saturaci\u00f3n del color. Presenta a nuestro querido Polo Bear estampado en la parte delantera.<\/span><\/p>\n<p><strong>Tallas disponibles:|S|M|L|XL|XXL|<\/strong><\/p>","protected":false},"featured_media":2036,"template":"","meta":{"_uag_custom_page_level_css":"","site-sidebar-layout":"default","site-content-layout":"","ast-site-content-layout":"default","site-content-style":"default","site-sidebar-style":"default","ast-global-header-display":"","ast-banner-title-visibility":"","ast-main-header-display":"","ast-hfb-above-header-display":"","ast-hfb-below-header-display":"","ast-hfb-mobile-header-display":"","site-post-title":"","ast-breadcrumbs-content":"","ast-featured-img":"","footer-sml-layout":"","theme-transparent-header-meta":"default","adv-header-id-meta":"","stick-header-meta":"","header-above-stick-meta":"","header-main-stick-meta":"","header-below-stick-meta":"","astra-migrate-meta-layouts":"set","ast-page-background-enabled":"default","ast-page-background-meta":{"desktop":{"background-color":"var(--ast-global-color-4)","background-image":"","background-repeat":"repeat","background-position":"center center","background-size":"auto","background-attachment":"scroll","background-type":"","background-media":"","overlay-type":"","overlay-color":"","overlay-gradient":""},"tablet":{"background-color":"","background-image":"","background-repeat":"repeat","background-position":"center center","background-size":"auto","background-attachment":"scroll","background-type":"","background-media":"","overlay-type":"","overlay-color":"","overlay-gradient":""},"mobile":{"background-color":"","background-image":"","background-repeat":"repeat","background-position":"center center","background-size":"auto","background-attachment":"scroll","background-type":"","background-media":"","overlay-type":"","overlay-color":"","overlay-gradient":""}},"ast-content-background-meta":{"desktop":{"background-color":"var(--ast-global-color-5)","background-image":"","background-repeat":"repeat","background-position":"center center","background-size":"auto","background-attachment":"scroll","background-type":"","background-media":"","overlay-type":"","overlay-color":"","overlay-gradient":""},"tablet":{"background-color":"var(--ast-global-color-5)","background-image":"","background-repeat":"repeat","background-position":"center center","background-size":"auto","background-attachment":"scroll","background-type":"","background-media":"","overlay-type":"","overlay-color":"","overlay-gradient":""},"mobile":{"background-color":"var(--ast-global-color-5)","background-image":"","background-repeat":"repeat","background-position":"center center","background-size":"auto","background-attachment":"scroll","background-type":"","background-media":"","overlay-type":"","overlay-color":"","overlay-gradient":""}}},"product_cat":[15,34],"product_tag":[41],"class_list":{"0":"post-2035","1":"product","2":"type-product","3":"status-publish","4":"has-post-thumbnail","6":"product_cat-hombre","7":"product_cat-camisetas","8":"product_tag-polo-ralph-lauren","9":"desktop-align-left","10":"tablet-align-left","11":"mobile-align-left","13":"first","14":"instock","15":"shipping-taxable","16":"purchasable","17":"product-type-simple"},"yoast_head":"<!-- This site is optimized with the Yoast SEO plugin v22.7 - https:\/\/yoast.com\/wordpress\/plugins\/seo\/ -->\n<title>Camiseta Polo Bear. Polo Ralph Lauren - Boutique Club Ceuta<\/title>\n<meta name=\"robots\" content=\"index, follow, max-snippet:-1, max-image-preview:large, max-video-preview:-1\" \/>\n<link rel=\"canonical\" href=\"https:\/\/boutiqueclub.es\/en\/product\/camiseta-polo-bear-polo-ralph-lauren\/\" \/>\n<meta property=\"og:locale\" content=\"en_GB\" \/>\n<meta property=\"og:type\" content=\"article\" \/>\n<meta property=\"og:title\" content=\"Camiseta Polo Bear. Polo Ralph Lauren - Boutique Club Ceuta\" \/>\n<meta property=\"og:description\" content=\"Esta camiseta de punto jersey de algod\u00f3n se ha anudado y te\u00f1ido a mano dos veces para conseguir diferentes niveles de saturaci\u00f3n del color. Presenta a nuestro querido Polo Bear estampado en la parte delantera.  Tallas disponibles:|S|M|L|XL|XXL|\" \/>\n<meta property=\"og:url\" content=\"https:\/\/boutiqueclub.es\/en\/product\/camiseta-polo-bear-polo-ralph-lauren\/\" \/>\n<meta property=\"og:site_name\" content=\"Boutique Club Ceuta\" \/>\n<meta property=\"article:modified_time\" content=\"2024-03-24T16:51:35+00:00\" \/>\n<meta property=\"og:image\" content=\"https:\/\/boutiqueclub.es\/wp-content\/uploads\/2024\/03\/s7-1497542_alternate10-e1711299018428.webp\" \/>\n\t<meta property=\"og:image:width\" content=\"429\" \/>\n\t<meta property=\"og:image:height\" content=\"479\" \/>\n\t<meta property=\"og:image:type\" content=\"image\/webp\" \/>\n<meta name=\"twitter:card\" content=\"summary_large_image\" \/>\n<script type=\"application\/ld+json\" class=\"yoast-schema-graph\">{\"@context\":\"https:\/\/schema.org\",\"@graph\":[{\"@type\":\"WebPage\",\"@id\":\"https:\/\/boutiqueclub.es\/producto\/camiseta-polo-bear-polo-ralph-lauren\/\",\"url\":\"https:\/\/boutiqueclub.es\/producto\/camiseta-polo-bear-polo-ralph-lauren\/\",\"name\":\"Camiseta Polo Bear. Polo Ralph Lauren - Boutique Club Ceuta\",\"isPartOf\":{\"@id\":\"https:\/\/boutiqueclub.es\/#website\"},\"primaryImageOfPage\":{\"@id\":\"https:\/\/boutiqueclub.es\/producto\/camiseta-polo-bear-polo-ralph-lauren\/#primaryimage\"},\"image\":{\"@id\":\"https:\/\/boutiqueclub.es\/producto\/camiseta-polo-bear-polo-ralph-lauren\/#primaryimage\"},\"thumbnailUrl\":\"https:\/\/boutiqueclub.es\/wp-content\/uploads\/2024\/03\/s7-1497542_alternate10-e1711299018428.webp\",\"datePublished\":\"2024-03-24T16:51:02+00:00\",\"dateModified\":\"2024-03-24T16:51:35+00:00\",\"breadcrumb\":{\"@id\":\"https:\/\/boutiqueclub.es\/producto\/camiseta-polo-bear-polo-ralph-lauren\/#breadcrumb\"},\"inLanguage\":\"en-GB\",\"potentialAction\":[{\"@type\":\"ReadAction\",\"target\":[\"https:\/\/boutiqueclub.es\/producto\/camiseta-polo-bear-polo-ralph-lauren\/\"]}]},{\"@type\":\"ImageObject\",\"inLanguage\":\"en-GB\",\"@id\":\"https:\/\/boutiqueclub.es\/producto\/camiseta-polo-bear-polo-ralph-lauren\/#primaryimage\",\"url\":\"https:\/\/boutiqueclub.es\/wp-content\/uploads\/2024\/03\/s7-1497542_alternate10-e1711299018428.webp\",\"contentUrl\":\"https:\/\/boutiqueclub.es\/wp-content\/uploads\/2024\/03\/s7-1497542_alternate10-e1711299018428.webp\",\"width\":429,\"height\":479},{\"@type\":\"BreadcrumbList\",\"@id\":\"https:\/\/boutiqueclub.es\/producto\/camiseta-polo-bear-polo-ralph-lauren\/#breadcrumb\",\"itemListElement\":[{\"@type\":\"ListItem\",\"position\":1,\"name\":\"Portada\",\"item\":\"https:\/\/boutiqueclub.es\/\"},{\"@type\":\"ListItem\",\"position\":2,\"name\":\"Boutique Club\",\"item\":\"https:\/\/boutiqueclub.es\/boutique-club\/\"},{\"@type\":\"ListItem\",\"position\":3,\"name\":\"Camiseta Polo Bear. Polo Ralph Lauren\"}]},{\"@type\":\"WebSite\",\"@id\":\"https:\/\/boutiqueclub.es\/#website\",\"url\":\"https:\/\/boutiqueclub.es\/\",\"name\":\"Boutique Club Ceuta\",\"description\":\"Primeras firmas de moda, calzado y complementos en hombre, mujer y ni\u00f1o.\",\"publisher\":{\"@id\":\"https:\/\/boutiqueclub.es\/#organization\"},\"potentialAction\":[{\"@type\":\"SearchAction\",\"target\":{\"@type\":\"EntryPoint\",\"urlTemplate\":\"https:\/\/boutiqueclub.es\/?s={search_term_string}\"},\"query-input\":\"required name=search_term_string\"}],\"inLanguage\":\"en-GB\"},{\"@type\":\"Organization\",\"@id\":\"https:\/\/boutiqueclub.es\/#organization\",\"name\":\"Boutique Club Ceuta\",\"url\":\"https:\/\/boutiqueclub.es\/\",\"logo\":{\"@type\":\"ImageObject\",\"inLanguage\":\"en-GB\",\"@id\":\"https:\/\/boutiqueclub.es\/#\/schema\/logo\/image\/\",\"url\":\"https:\/\/boutiqueclub.es\/wp-content\/uploads\/2024\/03\/Logotipo_club.png\",\"contentUrl\":\"https:\/\/boutiqueclub.es\/wp-content\/uploads\/2024\/03\/Logotipo_club.png\",\"width\":485,\"height\":485,\"caption\":\"Boutique Club Ceuta\"},\"image\":{\"@id\":\"https:\/\/boutiqueclub.es\/#\/schema\/logo\/image\/\"}}]}<\/script>\n<!-- \/ Yoast SEO plugin. -->","yoast_head_json":{"title":"Camiseta Polo Bear. Polo Ralph Lauren - Boutique Club Ceuta","robots":{"index":"index","follow":"follow","max-snippet":"max-snippet:-1","max-image-preview":"max-image-preview:large","max-video-preview":"max-video-preview:-1"},"canonical":"https:\/\/boutiqueclub.es\/en\/product\/camiseta-polo-bear-polo-ralph-lauren\/","og_locale":"en_GB","og_type":"article","og_title":"Camiseta Polo Bear. Polo Ralph Lauren - Boutique Club Ceuta","og_description":"Esta camiseta de punto jersey de algod\u00f3n se ha anudado y te\u00f1ido a mano dos veces para conseguir diferentes niveles de saturaci\u00f3n del color. Presenta a nuestro querido Polo Bear estampado en la parte delantera.  Tallas disponibles:|S|M|L|XL|XXL|","og_url":"https:\/\/boutiqueclub.es\/en\/product\/camiseta-polo-bear-polo-ralph-lauren\/","og_site_name":"Boutique Club Ceuta","article_modified_time":"2024-03-24T16:51:35+00:00","og_image":[{"width":429,"height":479,"url":"https:\/\/boutiqueclub.es\/wp-content\/uploads\/2024\/03\/s7-1497542_alternate10-e1711299018428.webp","type":"image\/webp"}],"twitter_card":"summary_large_image","schema":{"@context":"https:\/\/schema.org","@graph":[{"@type":"WebPage","@id":"https:\/\/boutiqueclub.es\/producto\/camiseta-polo-bear-polo-ralph-lauren\/","url":"https:\/\/boutiqueclub.es\/producto\/camiseta-polo-bear-polo-ralph-lauren\/","name":"Camiseta Polo Bear. Polo Ralph Lauren - Boutique Club Ceuta","isPartOf":{"@id":"https:\/\/boutiqueclub.es\/#website"},"primaryImageOfPage":{"@id":"https:\/\/boutiqueclub.es\/producto\/camiseta-polo-bear-polo-ralph-lauren\/#primaryimage"},"image":{"@id":"https:\/\/boutiqueclub.es\/producto\/camiseta-polo-bear-polo-ralph-lauren\/#primaryimage"},"thumbnailUrl":"https:\/\/boutiqueclub.es\/wp-content\/uploads\/2024\/03\/s7-1497542_alternate10-e1711299018428.webp","datePublished":"2024-03-24T16:51:02+00:00","dateModified":"2024-03-24T16:51:35+00:00","breadcrumb":{"@id":"https:\/\/boutiqueclub.es\/producto\/camiseta-polo-bear-polo-ralph-lauren\/#breadcrumb"},"inLanguage":"en-GB","potentialAction":[{"@type":"ReadAction","target":["https:\/\/boutiqueclub.es\/producto\/camiseta-polo-bear-polo-ralph-lauren\/"]}]},{"@type":"ImageObject","inLanguage":"en-GB","@id":"https:\/\/boutiqueclub.es\/producto\/camiseta-polo-bear-polo-ralph-lauren\/#primaryimage","url":"https:\/\/boutiqueclub.es\/wp-content\/uploads\/2024\/03\/s7-1497542_alternate10-e1711299018428.webp","contentUrl":"https:\/\/boutiqueclub.es\/wp-content\/uploads\/2024\/03\/s7-1497542_alternate10-e1711299018428.webp","width":429,"height":479},{"@type":"BreadcrumbList","@id":"https:\/\/boutiqueclub.es\/producto\/camiseta-polo-bear-polo-ralph-lauren\/#breadcrumb","itemListElement":[{"@type":"ListItem","position":1,"name":"Portada","item":"https:\/\/boutiqueclub.es\/"},{"@type":"ListItem","position":2,"name":"Boutique Club","item":"https:\/\/boutiqueclub.es\/boutique-club\/"},{"@type":"ListItem","position":3,"name":"Camiseta Polo Bear. Polo Ralph Lauren"}]},{"@type":"WebSite","@id":"https:\/\/boutiqueclub.es\/#website","url":"https:\/\/boutiqueclub.es\/","name":"Boutique Club Ceuta","description":"Primeras firmas de moda, calzado y complementos en hombre, mujer y ni\u00f1o.","publisher":{"@id":"https:\/\/boutiqueclub.es\/#organization"},"potentialAction":[{"@type":"SearchAction","target":{"@type":"EntryPoint","urlTemplate":"https:\/\/boutiqueclub.es\/?s={search_term_string}"},"query-input":"required name=search_term_string"}],"inLanguage":"en-GB"},{"@type":"Organization","@id":"https:\/\/boutiqueclub.es\/#organization","name":"Boutique Club Ceuta","url":"https:\/\/boutiqueclub.es\/","logo":{"@type":"ImageObject","inLanguage":"en-GB","@id":"https:\/\/boutiqueclub.es\/#\/schema\/logo\/image\/","url":"https:\/\/boutiqueclub.es\/wp-content\/uploads\/2024\/03\/Logotipo_club.png","contentUrl":"https:\/\/boutiqueclub.es\/wp-content\/uploads\/2024\/03\/Logotipo_club.png","width":485,"height":485,"caption":"Boutique Club Ceuta"},"image":{"@id":"https:\/\/boutiqueclub.es\/#\/schema\/logo\/image\/"}}]}},"uagb_featured_image_src":{"full":["https:\/\/boutiqueclub.es\/wp-content\/uploads\/2024\/03\/s7-1497542_alternate10-e1711299018428.webp",429,479,false],"thumbnail":["https:\/\/boutiqueclub.es\/wp-content\/uploads\/2024\/03\/s7-1497542_alternate10-e1711299018428.webp",134,150,false],"medium":["https:\/\/boutiqueclub.es\/wp-content\/uploads\/2024\/03\/s7-1497542_alternate10-e1711299018428.webp",269,300,false],"medium_large":["https:\/\/boutiqueclub.es\/wp-content\/uploads\/2024\/03\/s7-1497542_alternate10-e1711299018428.webp",429,479,false],"large":["https:\/\/boutiqueclub.es\/wp-content\/uploads\/2024\/03\/s7-1497542_alternate10-e1711299018428.webp",429,479,false],"1536x1536":["https:\/\/boutiqueclub.es\/wp-content\/uploads\/2024\/03\/s7-1497542_alternate10-e1711299018428.webp",429,479,false],"2048x2048":["https:\/\/boutiqueclub.es\/wp-content\/uploads\/2024\/03\/s7-1497542_alternate10-e1711299018428.webp",429,479,false],"trp-custom-language-flag":["https:\/\/boutiqueclub.es\/wp-content\/uploads\/2024\/03\/s7-1497542_alternate10-e1711299018428.webp",11,12,false],"woocommerce_thumbnail":["https:\/\/boutiqueclub.es\/wp-content\/uploads\/2024\/03\/s7-1497542_alternate10-e1711299018428-400x400.webp",400,400,true],"woocommerce_single":["https:\/\/boutiqueclub.es\/wp-content\/uploads\/2024\/03\/s7-1497542_alternate10-e1711299018428.webp",429,479,false],"woocommerce_gallery_thumbnail":["https:\/\/boutiqueclub.es\/wp-content\/uploads\/2024\/03\/s7-1497542_alternate10-e1711299018428-100x100.webp",100,100,true]},"uagb_author_info":{"display_name":"info","author_link":"https:\/\/boutiqueclub.es\/en\/author\/"},"uagb_comment_info":0,"uagb_excerpt":"Esta camiseta de punto jersey de algod\u00f3n se ha anudado y te\u00f1ido a mano dos veces para conseguir diferentes niveles de saturaci\u00f3n del color. Presenta a nuestro querido Polo Bear estampado en la parte delantera. Tallas disponibles:|S|M|L|XL|XXL|","_links":{"self":[{"href":"https:\/\/boutiqueclub.es\/en\/wp-json\/wp\/v2\/product\/2035","targetHints":{"allow":["GET"]}}],"collection":[{"href":"https:\/\/boutiqueclub.es\/en\/wp-json\/wp\/v2\/product"}],"about":[{"href":"https:\/\/boutiqueclub.es\/en\/wp-json\/wp\/v2\/types\/product"}],"wp:featuredmedia":[{"embeddable":true,"href":"https:\/\/boutiqueclub.es\/en\/wp-json\/wp\/v2\/media\/2036"}],"wp:attachment":[{"href":"https:\/\/boutiqueclub.es\/en\/wp-json\/wp\/v2\/media?parent=2035"}],"wp:term":[{"taxonomy":"product_cat","embeddable":true,"href":"https:\/\/boutiqueclub.es\/en\/wp-json\/wp\/v2\/product_cat?post=2035"},{"taxonomy":"product_tag","embeddable":true,"href":"https:\/\/boutiqueclub.es\/en\/wp-json\/wp\/v2\/product_tag?post=2035"}],"curies":[{"name":"wp","href":"https:\/\/api.w.org\/{rel}","templated":true}]}}